{"id":52,"date":"2023-09-10T00:03:52","date_gmt":"2023-09-09T22:03:52","guid":{"rendered":"https:\/\/camulojamesphoto.com\/?page_id=52"},"modified":"2023-12-13T14:38:41","modified_gmt":"2023-12-13T13:38:41","slug":"home","status":"publish","type":"page","link":"https:\/\/camulojamesphoto.com\/","title":{"rendered":"Home"},"content":{"rendered":"\t\t<div data-elementor-type=\"wp-page\" data-elementor-id=\"52\" class=\"elementor elementor-52\" data-elementor-post-type=\"page\">\n\t\t\t\t\t\t<section class=\"elementor-section elementor-top-section elementor-element elementor-element-973cc84 elementor-section-full_width elementor-section-height-default elementor-section-height-default\" data-id=\"973cc84\" data-element_type=\"section\">\n\t\t\t\t\t\t<div class=\"elementor-container elementor-column-gap-no\">\n\t\t\t\t\t<div class=\"elementor-column elementor-col-100 elementor-top-column elementor-element elementor-element-3f300d4\" data-id=\"3f300d4\" data-element_type=\"column\">\n\t\t\t<div class=\"elementor-widget-wrap elementor-element-populated\">\n\t\t\t\t\t\t<div class=\"elementor-element elementor-element-24250b9 elementor-widget elementor-widget-image\" data-id=\"24250b9\" data-element_type=\"widget\" data-widget_type=\"image.default\">\n\t\t\t\t<div class=\"elementor-widget-container\">\n\t\t\t<style>\/*! elementor - v3.19.0 - 28-02-2024 *\/\n.elementor-widget-image{text-align:center}.elementor-widget-image a{display:inline-block}.elementor-widget-image a img[src$=\".svg\"]{width:48px}.elementor-widget-image img{vertical-align:middle;display:inline-block}<\/style>\t\t\t\t\t\t\t\t\t\t\t<a href=\"https:\/\/camulojamesphoto.com\/index.php\/lifestyle\/\">\n\t\t\t\t\t\t\t<img fetchpriority=\"high\" decoding=\"async\" width=\"2560\" height=\"1831\" src=\"https:\/\/camulojamesphoto.com\/wp-content\/uploads\/2023\/10\/Guizmo_REAL2-scaled.jpg\" class=\"attachment-full size-full wp-image-520\" alt=\"un jeune homme avec un bob, entour\u00e9 de la fum\u00e9e rouge dans un tunnel\" srcset=\"https:\/\/camulojamesphoto.com\/wp-content\/uploads\/2023\/10\/Guizmo_REAL2-scaled.jpg 2560w, https:\/\/camulojamesphoto.com\/wp-content\/uploads\/2023\/10\/Guizmo_REAL2-300x215.jpg 300w, https:\/\/camulojamesphoto.com\/wp-content\/uploads\/2023\/10\/Guizmo_REAL2-1024x733.jpg 1024w, https:\/\/camulojamesphoto.com\/wp-content\/uploads\/2023\/10\/Guizmo_REAL2-768x549.jpg 768w, https:\/\/camulojamesphoto.com\/wp-content\/uploads\/2023\/10\/Guizmo_REAL2-1536x1099.jpg 1536w, https:\/\/camulojamesphoto.com\/wp-content\/uploads\/2023\/10\/Guizmo_REAL2-2048x1465.jpg 2048w\" sizes=\"(max-width: 2560px) 100vw, 2560px\" \/>\t\t\t\t\t\t\t\t<\/a>\n\t\t\t\t\t\t\t\t\t\t\t\t\t<\/div>\n\t\t\t\t<\/div>\n\t\t\t\t<div class=\"elementor-element elementor-element-57e98e9 elementor-widget elementor-widget-heading\" data-id=\"57e98e9\" data-element_type=\"widget\" data-widget_type=\"heading.default\">\n\t\t\t\t<div class=\"elementor-widget-container\">\n\t\t\t<style>\/*! elementor - v3.19.0 - 28-02-2024 *\/\n.elementor-heading-title{padding:0;margin:0;line-height:1}.elementor-widget-heading .elementor-heading-title[class*=elementor-size-]>a{color:inherit;font-size:inherit;line-height:inherit}.elementor-widget-heading .elementor-heading-title.elementor-size-small{font-size:15px}.elementor-widget-heading .elementor-heading-title.elementor-size-medium{font-size:19px}.elementor-widget-heading .elementor-heading-title.elementor-size-large{font-size:29px}.elementor-widget-heading .elementor-heading-title.elementor-size-xl{font-size:39px}.elementor-widget-heading .elementor-heading-title.elementor-size-xxl{font-size:59px}<\/style><h2 class=\"elementor-heading-title elementor-size-default\"><a href=\"https:\/\/camulojamesphoto.com\/index.php\/concerts\/\">Lifestyle<\/a><\/h2>\t\t<\/div>\n\t\t\t\t<\/div>\n\t\t\t\t\t<\/div>\n\t\t<\/div>\n\t\t\t\t\t<\/div>\n\t\t<\/section>\n\t\t\t\t<section class=\"elementor-section elementor-top-section elementor-element elementor-element-b161eb0 elementor-section-full_width elementor-section-height-default elementor-section-height-default\" data-id=\"b161eb0\" data-element_type=\"section\">\n\t\t\t\t\t\t<div class=\"elementor-container elementor-column-gap-no\">\n\t\t\t\t\t<div class=\"elementor-column elementor-col-100 elementor-top-column elementor-element elementor-element-5fcccd8\" data-id=\"5fcccd8\" data-element_type=\"column\">\n\t\t\t<div class=\"elementor-widget-wrap elementor-element-populated\">\n\t\t\t\t\t\t<div class=\"elementor-element elementor-element-36be2bb elementor-widget elementor-widget-image\" data-id=\"36be2bb\" data-element_type=\"widget\" data-widget_type=\"image.default\">\n\t\t\t\t<div class=\"elementor-widget-container\">\n\t\t\t\t\t\t\t\t\t\t\t\t\t\t<a href=\"https:\/\/camulojamesphoto.com\/index.php\/mariage\/\">\n\t\t\t\t\t\t\t<img decoding=\"async\" width=\"2560\" height=\"1707\" src=\"https:\/\/camulojamesphoto.com\/wp-content\/uploads\/2023\/10\/MARIAGE_DINER-8-scaled.jpg\" class=\"attachment-full size-full wp-image-519\" alt=\"un couple des jeunes maries qui posent de dos au couch\u00e9 de soleil\" srcset=\"https:\/\/camulojamesphoto.com\/wp-content\/uploads\/2023\/10\/MARIAGE_DINER-8-scaled.jpg 2560w, https:\/\/camulojamesphoto.com\/wp-content\/uploads\/2023\/10\/MARIAGE_DINER-8-300x200.jpg 300w, https:\/\/camulojamesphoto.com\/wp-content\/uploads\/2023\/10\/MARIAGE_DINER-8-1024x683.jpg 1024w, https:\/\/camulojamesphoto.com\/wp-content\/uploads\/2023\/10\/MARIAGE_DINER-8-768x512.jpg 768w, https:\/\/camulojamesphoto.com\/wp-content\/uploads\/2023\/10\/MARIAGE_DINER-8-1536x1024.jpg 1536w, https:\/\/camulojamesphoto.com\/wp-content\/uploads\/2023\/10\/MARIAGE_DINER-8-2048x1365.jpg 2048w\" sizes=\"(max-width: 2560px) 100vw, 2560px\" \/>\t\t\t\t\t\t\t\t<\/a>\n\t\t\t\t\t\t\t\t\t\t\t\t\t<\/div>\n\t\t\t\t<\/div>\n\t\t\t\t<div class=\"elementor-element elementor-element-94a2d9f elementor-widget elementor-widget-heading\" data-id=\"94a2d9f\" data-element_type=\"widget\" data-widget_type=\"heading.default\">\n\t\t\t\t<div class=\"elementor-widget-container\">\n\t\t\t<h2 class=\"elementor-heading-title elementor-size-default\">Mariages<\/h2>\t\t<\/div>\n\t\t\t\t<\/div>\n\t\t\t\t\t<\/div>\n\t\t<\/div>\n\t\t\t\t\t<\/div>\n\t\t<\/section>\n\t\t\t\t<section class=\"elementor-section elementor-top-section elementor-element elementor-element-702be61 elementor-section-full_width elementor-section-height-default elementor-section-height-default\" data-id=\"702be61\" data-element_type=\"section\">\n\t\t\t\t\t\t<div class=\"elementor-container elementor-column-gap-no\">\n\t\t\t\t\t<div class=\"elementor-column elementor-col-100 elementor-top-column elementor-element elementor-element-4635898\" data-id=\"4635898\" data-element_type=\"column\">\n\t\t\t<div class=\"elementor-widget-wrap elementor-element-populated\">\n\t\t\t\t\t\t<div class=\"elementor-element elementor-element-51821cc elementor-widget elementor-widget-image\" data-id=\"51821cc\" data-element_type=\"widget\" data-widget_type=\"image.default\">\n\t\t\t\t<div class=\"elementor-widget-container\">\n\t\t\t\t\t\t\t\t\t\t\t\t\t\t<a href=\"https:\/\/camulojamesphoto.com\/index.php\/portrait\/\">\n\t\t\t\t\t\t\t<img decoding=\"async\" width=\"2560\" height=\"2224\" src=\"https:\/\/camulojamesphoto.com\/wp-content\/uploads\/2023\/10\/DAMSO_GAZO_DAYMO-17-scaled.jpg\" class=\"attachment-full size-full wp-image-516\" alt=\"Damso qui pose en profil dans les lumi\u00e8res neons \u00e0 moiti\u00e9 couvert dans l&#039;ombre\" srcset=\"https:\/\/camulojamesphoto.com\/wp-content\/uploads\/2023\/10\/DAMSO_GAZO_DAYMO-17-scaled.jpg 2560w, https:\/\/camulojamesphoto.com\/wp-content\/uploads\/2023\/10\/DAMSO_GAZO_DAYMO-17-300x261.jpg 300w, https:\/\/camulojamesphoto.com\/wp-content\/uploads\/2023\/10\/DAMSO_GAZO_DAYMO-17-1024x890.jpg 1024w, https:\/\/camulojamesphoto.com\/wp-content\/uploads\/2023\/10\/DAMSO_GAZO_DAYMO-17-768x667.jpg 768w, https:\/\/camulojamesphoto.com\/wp-content\/uploads\/2023\/10\/DAMSO_GAZO_DAYMO-17-1536x1335.jpg 1536w, https:\/\/camulojamesphoto.com\/wp-content\/uploads\/2023\/10\/DAMSO_GAZO_DAYMO-17-2048x1779.jpg 2048w\" sizes=\"(max-width: 2560px) 100vw, 2560px\" \/>\t\t\t\t\t\t\t\t<\/a>\n\t\t\t\t\t\t\t\t\t\t\t\t\t<\/div>\n\t\t\t\t<\/div>\n\t\t\t\t<div class=\"elementor-element elementor-element-b0e28cf elementor-widget elementor-widget-heading\" data-id=\"b0e28cf\" data-element_type=\"widget\" data-widget_type=\"heading.default\">\n\t\t\t\t<div class=\"elementor-widget-container\">\n\t\t\t<h2 class=\"elementor-heading-title elementor-size-default\">Portraits<\/h2>\t\t<\/div>\n\t\t\t\t<\/div>\n\t\t\t\t\t<\/div>\n\t\t<\/div>\n\t\t\t\t\t<\/div>\n\t\t<\/section>\n\t\t\t\t<section class=\"elementor-section elementor-top-section elementor-element elementor-element-9b0c963 elementor-section-full_width elementor-section-height-default elementor-section-height-default\" data-id=\"9b0c963\" data-element_type=\"section\">\n\t\t\t\t\t\t<div class=\"elementor-container elementor-column-gap-no\">\n\t\t\t\t\t<div class=\"elementor-column elementor-col-100 elementor-top-column elementor-element elementor-element-59e7ce6\" data-id=\"59e7ce6\" data-element_type=\"column\">\n\t\t\t<div class=\"elementor-widget-wrap elementor-element-populated\">\n\t\t\t\t\t\t<div class=\"elementor-element elementor-element-62e1fd4 elementor-widget elementor-widget-image\" data-id=\"62e1fd4\" data-element_type=\"widget\" data-widget_type=\"image.default\">\n\t\t\t\t<div class=\"elementor-widget-container\">\n\t\t\t\t\t\t\t\t\t\t\t\t\t\t<a href=\"https:\/\/camulojamesphoto.com\/index.php\/clips\/\">\n\t\t\t\t\t\t\t<img loading=\"lazy\" decoding=\"async\" width=\"2560\" height=\"1707\" src=\"https:\/\/camulojamesphoto.com\/wp-content\/uploads\/2023\/10\/SpriXAlonz-22-scaled.jpg\" class=\"attachment-full size-full wp-image-782\" alt=\"un close-up d&#039;un rappeur dans une voiture orange, qui regarde le cam\u00e9ra , cigarette en bouche\" srcset=\"https:\/\/camulojamesphoto.com\/wp-content\/uploads\/2023\/10\/SpriXAlonz-22-scaled.jpg 2560w, https:\/\/camulojamesphoto.com\/wp-content\/uploads\/2023\/10\/SpriXAlonz-22-300x200.jpg 300w, https:\/\/camulojamesphoto.com\/wp-content\/uploads\/2023\/10\/SpriXAlonz-22-1024x683.jpg 1024w, https:\/\/camulojamesphoto.com\/wp-content\/uploads\/2023\/10\/SpriXAlonz-22-768x512.jpg 768w, https:\/\/camulojamesphoto.com\/wp-content\/uploads\/2023\/10\/SpriXAlonz-22-1536x1024.jpg 1536w, https:\/\/camulojamesphoto.com\/wp-content\/uploads\/2023\/10\/SpriXAlonz-22-2048x1365.jpg 2048w\" sizes=\"(max-width: 2560px) 100vw, 2560px\" \/>\t\t\t\t\t\t\t\t<\/a>\n\t\t\t\t\t\t\t\t\t\t\t\t\t<\/div>\n\t\t\t\t<\/div>\n\t\t\t\t<div class=\"elementor-element elementor-element-240a863 elementor-widget elementor-widget-heading\" data-id=\"240a863\" data-element_type=\"widget\" data-widget_type=\"heading.default\">\n\t\t\t\t<div class=\"elementor-widget-container\">\n\t\t\t<h2 class=\"elementor-heading-title elementor-size-default\"><a href=\"https:\/\/camulojamesphoto.com\/index.php\/clips\/\">Clips<\/a><\/h2>\t\t<\/div>\n\t\t\t\t<\/div>\n\t\t\t\t\t<\/div>\n\t\t<\/div>\n\t\t\t\t\t<\/div>\n\t\t<\/section>\n\t\t\t\t<section class=\"elementor-section elementor-top-section elementor-element elementor-element-e0932d8 elementor-section-full_width elementor-section-height-default elementor-section-height-default\" data-id=\"e0932d8\" data-element_type=\"section\">\n\t\t\t\t\t\t<div class=\"elementor-container elementor-column-gap-no\">\n\t\t\t\t\t<div class=\"elementor-column elementor-col-100 elementor-top-column elementor-element elementor-element-10177f5\" data-id=\"10177f5\" data-element_type=\"column\">\n\t\t\t<div class=\"elementor-widget-wrap elementor-element-populated\">\n\t\t\t\t\t\t<div class=\"elementor-element elementor-element-fe18601 elementor-widget elementor-widget-image\" data-id=\"fe18601\" data-element_type=\"widget\" data-widget_type=\"image.default\">\n\t\t\t\t<div class=\"elementor-widget-container\">\n\t\t\t\t\t\t\t\t\t\t\t\t\t\t<a href=\"https:\/\/camulojamesphoto.com\/index.php\/concerts\/\">\n\t\t\t\t\t\t\t<img loading=\"lazy\" decoding=\"async\" width=\"2560\" height=\"1999\" src=\"https:\/\/camulojamesphoto.com\/wp-content\/uploads\/2023\/10\/Orelsan_Dour2-scaled.jpg\" class=\"attachment-full size-full wp-image-1027\" alt=\"Orelsan habill\u00e9 en blanc en concert sur la scene\" srcset=\"https:\/\/camulojamesphoto.com\/wp-content\/uploads\/2023\/10\/Orelsan_Dour2-scaled.jpg 2560w, https:\/\/camulojamesphoto.com\/wp-content\/uploads\/2023\/10\/Orelsan_Dour2-300x234.jpg 300w, https:\/\/camulojamesphoto.com\/wp-content\/uploads\/2023\/10\/Orelsan_Dour2-1024x799.jpg 1024w, https:\/\/camulojamesphoto.com\/wp-content\/uploads\/2023\/10\/Orelsan_Dour2-768x600.jpg 768w, https:\/\/camulojamesphoto.com\/wp-content\/uploads\/2023\/10\/Orelsan_Dour2-1536x1199.jpg 1536w, https:\/\/camulojamesphoto.com\/wp-content\/uploads\/2023\/10\/Orelsan_Dour2-2048x1599.jpg 2048w\" sizes=\"(max-width: 2560px) 100vw, 2560px\" \/>\t\t\t\t\t\t\t\t<\/a>\n\t\t\t\t\t\t\t\t\t\t\t\t\t<\/div>\n\t\t\t\t<\/div>\n\t\t\t\t<div class=\"elementor-element elementor-element-3123553 elementor-widget elementor-widget-heading\" data-id=\"3123553\" data-element_type=\"widget\" data-widget_type=\"heading.default\">\n\t\t\t\t<div class=\"elementor-widget-container\">\n\t\t\t<h2 class=\"elementor-heading-title elementor-size-default\"><a href=\"https:\/\/camulojamesphoto.com\/index.php\/clips\/\">Concerts<\/a><\/h2>\t\t<\/div>\n\t\t\t\t<\/div>\n\t\t\t\t\t<\/div>\n\t\t<\/div>\n\t\t\t\t\t<\/div>\n\t\t<\/section>\n\t\t\t\t<\/div>\n\t\t","protected":false},"excerpt":{"rendered":"<p>Lifestyle Mariages Portraits Clips Concerts<\/p>\n","protected":false},"author":1,"featured_media":0,"parent":0,"menu_order":0,"comment_status":"closed","ping_status":"closed","template":"","meta":{"footnotes":""},"folder":[],"yoast_head":"<!-- This site is optimized with the Yoast SEO plugin v22.2 - https:\/\/yoast.com\/wordpress\/plugins\/seo\/ -->\n<title>Home - camulojamesphoto.com<\/title>\n<meta name=\"description\" content=\"Photographe bas\u00e9 \u00e0 Paris. Mariages - Anniversaires - Photos de Clips - Photoshoots - Backstage - Concerts - Branding\" \/>\n<meta name=\"robots\" content=\"index, follow, max-snippet:-1, max-image-preview:large, max-video-preview:-1\" \/>\n<link rel=\"canonical\" href=\"https:\/\/camulojamesphoto.com\/\" \/>\n<meta property=\"og:locale\" content=\"en_US\" \/>\n<meta property=\"og:type\" content=\"article\" \/>\n<meta property=\"og:title\" content=\"Home - camulojamesphoto.com\" \/>\n<meta property=\"og:description\" content=\"Photographe bas\u00e9 \u00e0 Paris. Mariages - Anniversaires - Photos de Clips - Photoshoots - Backstage - Concerts - Branding\" \/>\n<meta property=\"og:url\" content=\"https:\/\/camulojamesphoto.com\/\" \/>\n<meta property=\"og:site_name\" content=\"camulojamesphoto.com\" \/>\n<meta property=\"article:modified_time\" content=\"2023-12-13T13:38:41+00:00\" \/>\n<meta property=\"og:image\" content=\"https:\/\/camulojamesphoto.com\/wp-content\/uploads\/2023\/10\/Guizmo_REAL2-scaled.jpg\" \/>\n<meta name=\"twitter:card\" content=\"summary_large_image\" \/>\n<meta name=\"twitter:label1\" content=\"Est. reading time\" \/>\n\t<meta name=\"twitter:data1\" content=\"2 minutes\" \/>\n<script type=\"application\/ld+json\" class=\"yoast-schema-graph\">{\"@context\":\"https:\/\/schema.org\",\"@graph\":[{\"@type\":\"WebPage\",\"@id\":\"https:\/\/camulojamesphoto.com\/\",\"url\":\"https:\/\/camulojamesphoto.com\/\",\"name\":\"Home - camulojamesphoto.com\",\"isPartOf\":{\"@id\":\"https:\/\/camulojamesphoto.com\/#website\"},\"primaryImageOfPage\":{\"@id\":\"https:\/\/camulojamesphoto.com\/#primaryimage\"},\"image\":{\"@id\":\"https:\/\/camulojamesphoto.com\/#primaryimage\"},\"thumbnailUrl\":\"https:\/\/camulojamesphoto.com\/wp-content\/uploads\/2023\/10\/Guizmo_REAL2-scaled.jpg\",\"datePublished\":\"2023-09-09T22:03:52+00:00\",\"dateModified\":\"2023-12-13T13:38:41+00:00\",\"description\":\"Photographe bas\u00e9 \u00e0 Paris. Mariages - Anniversaires - Photos de Clips - Photoshoots - Backstage - Concerts - Branding\",\"breadcrumb\":{\"@id\":\"https:\/\/camulojamesphoto.com\/#breadcrumb\"},\"inLanguage\":\"en-US\",\"potentialAction\":[{\"@type\":\"ReadAction\",\"target\":[\"https:\/\/camulojamesphoto.com\/\"]}]},{\"@type\":\"ImageObject\",\"inLanguage\":\"en-US\",\"@id\":\"https:\/\/camulojamesphoto.com\/#primaryimage\",\"url\":\"https:\/\/camulojamesphoto.com\/wp-content\/uploads\/2023\/10\/Guizmo_REAL2-scaled.jpg\",\"contentUrl\":\"https:\/\/camulojamesphoto.com\/wp-content\/uploads\/2023\/10\/Guizmo_REAL2-scaled.jpg\",\"width\":2560,\"height\":1831,\"caption\":\"un jeune homme avec un bob, entour\u00e9 de la fum\u00e9e rouge dans un tunnel\"},{\"@type\":\"BreadcrumbList\",\"@id\":\"https:\/\/camulojamesphoto.com\/#breadcrumb\",\"itemListElement\":[{\"@type\":\"ListItem\",\"position\":1,\"name\":\"Accueil\",\"item\":\"https:\/\/camulojamesphoto.com\/\"},{\"@type\":\"ListItem\",\"position\":2,\"name\":\"Home\"}]},{\"@type\":\"WebSite\",\"@id\":\"https:\/\/camulojamesphoto.com\/#website\",\"url\":\"https:\/\/camulojamesphoto.com\/\",\"name\":\"camulojamesphoto.com\",\"description\":\"\",\"publisher\":{\"@id\":\"https:\/\/camulojamesphoto.com\/#organization\"},\"potentialAction\":[{\"@type\":\"SearchAction\",\"target\":{\"@type\":\"EntryPoint\",\"urlTemplate\":\"https:\/\/camulojamesphoto.com\/?s={search_term_string}\"},\"query-input\":\"required name=search_term_string\"}],\"inLanguage\":\"en-US\"},{\"@type\":\"Organization\",\"@id\":\"https:\/\/camulojamesphoto.com\/#organization\",\"name\":\"camulojamesphoto.com\",\"url\":\"https:\/\/camulojamesphoto.com\/\",\"logo\":{\"@type\":\"ImageObject\",\"inLanguage\":\"en-US\",\"@id\":\"https:\/\/camulojamesphoto.com\/#\/schema\/logo\/image\/\",\"url\":\"https:\/\/camulojamesphoto.com\/wp-content\/uploads\/2023\/09\/big.png\",\"contentUrl\":\"https:\/\/camulojamesphoto.com\/wp-content\/uploads\/2023\/09\/big.png\",\"width\":928,\"height\":249,\"caption\":\"camulojamesphoto.com\"},\"image\":{\"@id\":\"https:\/\/camulojamesphoto.com\/#\/schema\/logo\/image\/\"}}]}<\/script>\n<!-- \/ Yoast SEO plugin. -->","yoast_head_json":{"title":"Home - camulojamesphoto.com","description":"Photographe bas\u00e9 \u00e0 Paris. Mariages - Anniversaires - Photos de Clips - Photoshoots - Backstage - Concerts - Branding","robots":{"index":"index","follow":"follow","max-snippet":"max-snippet:-1","max-image-preview":"max-image-preview:large","max-video-preview":"max-video-preview:-1"},"canonical":"https:\/\/camulojamesphoto.com\/","og_locale":"en_US","og_type":"article","og_title":"Home - camulojamesphoto.com","og_description":"Photographe bas\u00e9 \u00e0 Paris. Mariages - Anniversaires - Photos de Clips - Photoshoots - Backstage - Concerts - Branding","og_url":"https:\/\/camulojamesphoto.com\/","og_site_name":"camulojamesphoto.com","article_modified_time":"2023-12-13T13:38:41+00:00","og_image":[{"url":"https:\/\/camulojamesphoto.com\/wp-content\/uploads\/2023\/10\/Guizmo_REAL2-scaled.jpg"}],"twitter_card":"summary_large_image","twitter_misc":{"Est. reading time":"2 minutes"},"schema":{"@context":"https:\/\/schema.org","@graph":[{"@type":"WebPage","@id":"https:\/\/camulojamesphoto.com\/","url":"https:\/\/camulojamesphoto.com\/","name":"Home - camulojamesphoto.com","isPartOf":{"@id":"https:\/\/camulojamesphoto.com\/#website"},"primaryImageOfPage":{"@id":"https:\/\/camulojamesphoto.com\/#primaryimage"},"image":{"@id":"https:\/\/camulojamesphoto.com\/#primaryimage"},"thumbnailUrl":"https:\/\/camulojamesphoto.com\/wp-content\/uploads\/2023\/10\/Guizmo_REAL2-scaled.jpg","datePublished":"2023-09-09T22:03:52+00:00","dateModified":"2023-12-13T13:38:41+00:00","description":"Photographe bas\u00e9 \u00e0 Paris. Mariages - Anniversaires - Photos de Clips - Photoshoots - Backstage - Concerts - Branding","breadcrumb":{"@id":"https:\/\/camulojamesphoto.com\/#breadcrumb"},"inLanguage":"en-US","potentialAction":[{"@type":"ReadAction","target":["https:\/\/camulojamesphoto.com\/"]}]},{"@type":"ImageObject","inLanguage":"en-US","@id":"https:\/\/camulojamesphoto.com\/#primaryimage","url":"https:\/\/camulojamesphoto.com\/wp-content\/uploads\/2023\/10\/Guizmo_REAL2-scaled.jpg","contentUrl":"https:\/\/camulojamesphoto.com\/wp-content\/uploads\/2023\/10\/Guizmo_REAL2-scaled.jpg","width":2560,"height":1831,"caption":"un jeune homme avec un bob, entour\u00e9 de la fum\u00e9e rouge dans un tunnel"},{"@type":"BreadcrumbList","@id":"https:\/\/camulojamesphoto.com\/#breadcrumb","itemListElement":[{"@type":"ListItem","position":1,"name":"Accueil","item":"https:\/\/camulojamesphoto.com\/"},{"@type":"ListItem","position":2,"name":"Home"}]},{"@type":"WebSite","@id":"https:\/\/camulojamesphoto.com\/#website","url":"https:\/\/camulojamesphoto.com\/","name":"camulojamesphoto.com","description":"","publisher":{"@id":"https:\/\/camulojamesphoto.com\/#organization"},"potentialAction":[{"@type":"SearchAction","target":{"@type":"EntryPoint","urlTemplate":"https:\/\/camulojamesphoto.com\/?s={search_term_string}"},"query-input":"required name=search_term_string"}],"inLanguage":"en-US"},{"@type":"Organization","@id":"https:\/\/camulojamesphoto.com\/#organization","name":"camulojamesphoto.com","url":"https:\/\/camulojamesphoto.com\/","logo":{"@type":"ImageObject","inLanguage":"en-US","@id":"https:\/\/camulojamesphoto.com\/#\/schema\/logo\/image\/","url":"https:\/\/camulojamesphoto.com\/wp-content\/uploads\/2023\/09\/big.png","contentUrl":"https:\/\/camulojamesphoto.com\/wp-content\/uploads\/2023\/09\/big.png","width":928,"height":249,"caption":"camulojamesphoto.com"},"image":{"@id":"https:\/\/camulojamesphoto.com\/#\/schema\/logo\/image\/"}}]}},"_links":{"self":[{"href":"https:\/\/camulojamesphoto.com\/index.php\/wp-json\/wp\/v2\/pages\/52"}],"collection":[{"href":"https:\/\/camulojamesphoto.com\/index.php\/wp-json\/wp\/v2\/pages"}],"about":[{"href":"https:\/\/camulojamesphoto.com\/index.php\/wp-json\/wp\/v2\/types\/page"}],"author":[{"embeddable":true,"href":"https:\/\/camulojamesphoto.com\/index.php\/wp-json\/wp\/v2\/users\/1"}],"replies":[{"embeddable":true,"href":"https:\/\/camulojamesphoto.com\/index.php\/wp-json\/wp\/v2\/comments?post=52"}],"version-history":[{"count":218,"href":"https:\/\/camulojamesphoto.com\/index.php\/wp-json\/wp\/v2\/pages\/52\/revisions"}],"predecessor-version":[{"id":1143,"href":"https:\/\/camulojamesphoto.com\/index.php\/wp-json\/wp\/v2\/pages\/52\/revisions\/1143"}],"wp:attachment":[{"href":"https:\/\/camulojamesphoto.com\/index.php\/wp-json\/wp\/v2\/media?parent=52"}],"wp:term":[{"taxonomy":"folder","embeddable":true,"href":"https:\/\/camulojamesphoto.com\/index.php\/wp-json\/wp\/v2\/folder?post=52"}],"curies":[{"name":"wp","href":"https:\/\/api.w.org\/{rel}","templated":true}]}}